{"id":111,"date":"2022-12-28T11:41:27","date_gmt":"2022-12-28T11:41:27","guid":{"rendered":"https:\/\/aboutthatsmile.com\/?page_id=111"},"modified":"2025-04-09T05:16:32","modified_gmt":"2025-04-09T05:16:32","slug":"ueber-uns","status":"publish","type":"page","link":"https:\/\/aboutthatsmile.com\/de\/ueber-uns\/","title":{"rendered":"\u00dcber About That Smile"},"content":{"rendered":"\n<p class=\"has-text-align-center\"><em>About That Smile wurde 2023 mit dem Ziel gegr\u00fcndet, eine verl\u00e4ssliche Informationsquelle rund um das Thema unsichtbare Zahnspange (Aligner) im Speziellen und Zahngesundheit im Allgemeinen zu schaffen.<\/em><\/p>\n\n\n\n<p>Hier vergleichen wir die Produkte von Anbietern wie <a href=\"https:\/\/aboutthatsmile.com\/zahnspangen\/drsmile\/\" data-type=\"category\" data-id=\"17\">DrSmile<\/a>, <a href=\"https:\/\/aboutthatsmile.com\/de\/plusdental-erfahrungen\/\" data-type=\"post\" data-id=\"464\">PlusDental<\/a>, <a href=\"https:\/\/aboutthatsmile.com\/zahnspangen\/invisalign\/\" data-type=\"category\" data-id=\"18\">Invisalign<\/a>, <a href=\"https:\/\/aboutthatsmile.com\/de\/smileunion-erfahrungen\/\" data-type=\"post\" data-id=\"344\">Smileunion<\/a> oder <a href=\"https:\/\/aboutthatsmile.com\/de\/braceless-erfahrungen\/\" data-type=\"post\" data-id=\"667\">Braceless<\/a>.<\/p>\n\n\n\n<p>Auf About That Smile findet ihr au\u00dferdem Tipps, Tricks und Empfehlungen zu verschiedensten Themen rund um die unsichtbare Zahnschiene.&nbsp;<\/p>\n\n\n\n<p>Ob Kosten, Vor- und Nachteile, die richtige Pflege oder Alternativen: Wir bieten sorgf\u00e4ltig recherchierte und dennoch leicht verst\u00e4ndliche Informationen<strong> f\u00fcr alle, die sich f\u00fcr das Thema Aligner interessieren<\/strong>, selbst eine Behandlung in Erw\u00e4gung ziehen oder diese sogar schon begonnen haben.<\/p>\n\n\n\n<p>Und weil uns das Thema Zahngesundheit sehr ans Herz gewachsen ist, findet ihr hier bei About That Smile mittlerweile auch umfangreiche Tipps und Infos rund um Mundhygiene und Zahnbehandlungen sowie deren Finanzierung. <\/p>\n\n\n\n<figure class=\"wp-block-gallery has-nested-images columns-default is-cropped wp-block-gallery-1 is-layout-flex wp-block-gallery-is-layout-flex\">\n<figure class=\"wp-block-image size-large\"><img decoding=\"async\" width=\"1024\" height=\"683\" data-id=\"267\" src=\"https:\/\/aboutthatsmile.com\/wp-content\/uploads\/2023\/01\/frau-haelt-aligner-in-der-hand-laechelt-strahlend-1024x683.jpg\" alt=\"Frau h\u00e4lt l\u00e4chelnd Aligner in der Hand - Invisalign Erfahrungen\" class=\"wp-image-267\" title=\"\" srcset=\"https:\/\/aboutthatsmile.com\/wp-content\/uploads\/2023\/01\/frau-haelt-aligner-in-der-hand-laechelt-strahlend-1024x683.jpg 1024w, https:\/\/aboutthatsmile.com\/wp-content\/uploads\/2023\/01\/frau-haelt-aligner-in-der-hand-laechelt-strahlend-300x200.jpg 300w, https:\/\/aboutthatsmile.com\/wp-content\/uploads\/2023\/01\/frau-haelt-aligner-in-der-hand-laechelt-strahlend-768x512.jpg 768w, https:\/\/aboutthatsmile.com\/wp-content\/uploads\/2023\/01\/frau-haelt-aligner-in-der-hand-laechelt-strahlend-960x640.jpg 960w, https:\/\/aboutthatsmile.com\/wp-content\/uploads\/2023\/01\/frau-haelt-aligner-in-der-hand-laechelt-strahlend-1080x720.jpg 1080w, https:\/\/aboutthatsmile.com\/wp-content\/uploads\/2023\/01\/frau-haelt-aligner-in-der-hand-laechelt-strahlend.jpg 1200w\" sizes=\"(max-width: 1024px) 100vw, 1024px\" \/><\/figure>\n\n\n\n<figure class=\"wp-block-image size-large\"><img decoding=\"async\" width=\"1024\" height=\"683\" data-id=\"152\" src=\"https:\/\/aboutthatsmile.com\/wp-content\/uploads\/2022\/12\/junger-mann-haelt-aligner-in-der-hand-1024x683.jpg\" alt=\"Junger Mann h\u00e4lt unsichtbare Zahnspange in der Hand - DrSmile Erfahrungen\" class=\"wp-image-152\" title=\"\" srcset=\"https:\/\/aboutthatsmile.com\/wp-content\/uploads\/2022\/12\/junger-mann-haelt-aligner-in-der-hand-1024x683.jpg 1024w, https:\/\/aboutthatsmile.com\/wp-content\/uploads\/2022\/12\/junger-mann-haelt-aligner-in-der-hand-300x200.jpg 300w, https:\/\/aboutthatsmile.com\/wp-content\/uploads\/2022\/12\/junger-mann-haelt-aligner-in-der-hand-768x512.jpg 768w, https:\/\/aboutthatsmile.com\/wp-content\/uploads\/2022\/12\/junger-mann-haelt-aligner-in-der-hand-960x640.jpg 960w, https:\/\/aboutthatsmile.com\/wp-content\/uploads\/2022\/12\/junger-mann-haelt-aligner-in-der-hand-1080x720.jpg 1080w, https:\/\/aboutthatsmile.com\/wp-content\/uploads\/2022\/12\/junger-mann-haelt-aligner-in-der-hand.jpg 1200w\" sizes=\"(max-width: 1024px) 100vw, 1024px\" \/><\/figure>\n\n\n\n<figure class=\"wp-block-image size-large\"><img decoding=\"async\" width=\"1024\" height=\"683\" data-id=\"148\" src=\"https:\/\/aboutthatsmile.com\/wp-content\/uploads\/2022\/12\/junge-frau-lacht-haelt-unsichtbare-zahnschiene-in-der-hand-1024x683.jpg\" alt=\"DrSmile Erfahrungen: Wie gut sind Dr Smile Aligner wirklich?\" class=\"wp-image-148\" title=\"\" srcset=\"https:\/\/aboutthatsmile.com\/wp-content\/uploads\/2022\/12\/junge-frau-lacht-haelt-unsichtbare-zahnschiene-in-der-hand-1024x683.jpg 1024w, https:\/\/aboutthatsmile.com\/wp-content\/uploads\/2022\/12\/junge-frau-lacht-haelt-unsichtbare-zahnschiene-in-der-hand-300x200.jpg 300w, https:\/\/aboutthatsmile.com\/wp-content\/uploads\/2022\/12\/junge-frau-lacht-haelt-unsichtbare-zahnschiene-in-der-hand-768x512.jpg 768w, https:\/\/aboutthatsmile.com\/wp-content\/uploads\/2022\/12\/junge-frau-lacht-haelt-unsichtbare-zahnschiene-in-der-hand-960x640.jpg 960w, https:\/\/aboutthatsmile.com\/wp-content\/uploads\/2022\/12\/junge-frau-lacht-haelt-unsichtbare-zahnschiene-in-der-hand-1080x720.jpg 1080w, https:\/\/aboutthatsmile.com\/wp-content\/uploads\/2022\/12\/junge-frau-lacht-haelt-unsichtbare-zahnschiene-in-der-hand.jpg 1200w\" sizes=\"(max-width: 1024px) 100vw, 1024px\" \/><\/figure>\n<\/figure>\n\n\n\n<h2 class=\"wp-block-heading\">Fundierte Informationen und Erfahrungen aus erster Hand<\/h2>\n\n\n\n<p>Da wir selbst \u00fcberzeugte Nutzer der unsichtbaren Zahnspange sind, berichten wir selbstverst\u00e4ndlich auch <strong>aus erster Hand von unseren Erfahrungen<\/strong>. Dabei sind wir offen und ehrlich und besch\u00f6nigen nichts, sodass ihr euch ein genaues Bild davon machen k\u00f6nnt, was vor, w\u00e4hrend und nach der Behandlung auf euch zukommt.&nbsp;<\/p>\n\n\n\n<p>Ihr habt schon viel im Internet recherchiert und f\u00fchlt euch angesichts der Masse an &#8211; zum Teil falschen, veralteten oder unvollst\u00e4ndigen &#8211; Informationen etwas ratlos? <strong>Dann seid ihr bei About That Smile genau richtig.&nbsp;<\/strong><\/p>\n\n\n\n<h2 class=\"wp-block-heading has-text-align-center\">\u00dcber uns<\/h2>\n\n\n\n<p><strong>Unsere Mission:<\/strong> Wir m\u00f6chten allen Interessierten fundiertes Wissen rund um diese einfache, g\u00fcnstige und diskrete Form der Zahnkorrektur vermitteln.<\/p>\n\n\n\n<p><strong>Unser Ziel:<\/strong> M\u00f6glichst vielen von euch zu einem strahlenden L\u00e4cheln zu verhelfen.&nbsp;<\/p>\n\n\n\n<h3 class=\"wp-block-heading\">Tim (Co-Founder)&nbsp;<\/h3>\n\n\n\n<div class=\"wp-block-media-text alignwide is-stacked-on-mobile is-vertically-aligned-top\" style=\"grid-template-columns:30% auto\"><figure class=\"wp-block-media-text__media\"><img decoding=\"async\" width=\"500\" height=\"500\" src=\"https:\/\/aboutthatsmile.com\/wp-content\/uploads\/2024\/12\/Tim-Kroeger-founder-of-Universal-Traveller-Luxury-Travel-Specialist-shares-insights-into-hospitality-and-digital-nomads-trends-pioneered-luxury-bikepacking.png\" alt=\"\" class=\"wp-image-15781 size-full\" title=\"\" srcset=\"https:\/\/aboutthatsmile.com\/wp-content\/uploads\/2024\/12\/Tim-Kroeger-founder-of-Universal-Traveller-Luxury-Travel-Specialist-shares-insights-into-hospitality-and-digital-nomads-trends-pioneered-luxury-bikepacking.png 500w, https:\/\/aboutthatsmile.com\/wp-content\/uploads\/2024\/12\/Tim-Kroeger-founder-of-Universal-Traveller-Luxury-Travel-Specialist-shares-insights-into-hospitality-and-digital-nomads-trends-pioneered-luxury-bikepacking-300x300.png 300w, https:\/\/aboutthatsmile.com\/wp-content\/uploads\/2024\/12\/Tim-Kroeger-founder-of-Universal-Traveller-Luxury-Travel-Specialist-shares-insights-into-hospitality-and-digital-nomads-trends-pioneered-luxury-bikepacking-150x150.png 150w\" sizes=\"(max-width: 500px) 100vw, 500px\" \/><\/figure><div class=\"wp-block-media-text__content\">\n<p>Nach einem erfolgreich abgeschlossenen Studium im Bereich Business Administration begann Tim, sich im Bereich Suchmaschinenoptimierung (SEO) zu spezialisieren. Nachdem er sich \u00fcber l\u00e4ngere Zeit fundiertes Wissen aneignen konnte, begann er schlie\u00dflich mit dem Aufbau erster eigener Webseiten.&nbsp;<\/p>\n\n\n\n<p>Der Erfolg lie\u00df nicht lange auf sich warten. Obwohl er heute mehrere bekannte Webseiten betreibt, interessiert ihn das Thema Aligner aufgrund eigener Erfahrungen besonders. <strong>Mit About That Smile m\u00f6chte er auch anderen Menschen dabei helfen, den Traum von sch\u00f6nen Z\u00e4hnen zu verwirklichen.&nbsp;<\/strong><\/p>\n<\/div><\/div>\n\n\n\n<h3 class=\"wp-block-heading\"><a href=\"https:\/\/aboutthatsmile.com\/profile\/franzi\/\">Franzi (Co-Founderin)<\/a><\/h3>\n\n\n\n<div class=\"wp-block-media-text alignwide is-stacked-on-mobile is-vertically-aligned-top\" style=\"grid-template-columns:30% auto\"><figure class=\"wp-block-media-text__media\"><img decoding=\"async\" width=\"900\" height=\"1200\" src=\"https:\/\/aboutthatsmile.com\/wp-content\/uploads\/2023\/01\/IMG_9794.jpg\" alt=\"Franzi - Co-Founderin About That Smile\" class=\"wp-image-790 size-full\" title=\"\" srcset=\"https:\/\/aboutthatsmile.com\/wp-content\/uploads\/2023\/01\/IMG_9794.jpg 900w, https:\/\/aboutthatsmile.com\/wp-content\/uploads\/2023\/01\/IMG_9794-225x300.jpg 225w, https:\/\/aboutthatsmile.com\/wp-content\/uploads\/2023\/01\/IMG_9794-768x1024.jpg 768w, https:\/\/aboutthatsmile.com\/wp-content\/uploads\/2023\/01\/IMG_9794-546x728.jpg 546w, https:\/\/aboutthatsmile.com\/wp-content\/uploads\/2023\/01\/IMG_9794-360x480.jpg 360w, https:\/\/aboutthatsmile.com\/wp-content\/uploads\/2023\/01\/IMG_9794-240x320.jpg 240w, https:\/\/aboutthatsmile.com\/wp-content\/uploads\/2023\/01\/IMG_9794-720x960.jpg 720w, https:\/\/aboutthatsmile.com\/wp-content\/uploads\/2023\/01\/IMG_9794-810x1080.jpg 810w\" sizes=\"(max-width: 900px) 100vw, 900px\" \/><\/figure><div class=\"wp-block-media-text__content\">\n<p>Nach ihrem Germanistik- und Soziologiestudium begann Franzi, erst festangestellt und sp\u00e4ter freiberuflich im Bereich Online-Redaktion zu arbeiten.&nbsp;Auf das Thema Aligner stie\u00df sie eher zuf\u00e4llig, als sie f\u00fcr l\u00e4ngere Zeit f\u00fcr einen Kunden aus dem Dentalbereich t\u00e4tig war.&nbsp;<\/p>\n\n\n\n<p>Im Lauf der Jahre konnte sie sich hier ein fundiertes Wissen rund um die Bereiche Zahnkorrektur, Zahnpflege, Zahnfehlstellungen und -Erkrankungen sowie Dentaltourismus aneignen. Das Thema unsichtbare Zahnspange begeisterte sie dabei so sehr, dass sie schlie\u00dflich selbst mit der Aligner-Behandlung begann.&nbsp;<\/p>\n\n\n\n<p>Auf About That Smile m\u00f6chte sie fundiertes Wissen an alle vermitteln, die sich f\u00fcr eine Zahnkorrektur mit unsichtbaren Zahnschienen interessieren. <strong>Dabei m\u00f6chte sie vor allem pers\u00f6nliche Erfahrungen teilen und \u00fcber die Vor- und Nachteile der Behandlung aufkl\u00e4ren.&nbsp;<\/strong><\/p>\n<\/div><\/div>\n\n\n\n<p><\/p>\n","protected":false},"excerpt":{"rendered":"<p>About That Smile wurde 2023 mit dem Ziel gegr\u00fcndet, eine verl\u00e4ssliche Informationsquelle rund um das Thema unsichtbare Zahnspange (Aligner) im Speziellen und Zahngesundheit im Allgemeinen zu schaffen. Hier vergleichen wir die Produkte von Anbietern wie DrSmile, PlusDental, Invisalign, Smileunion oder Braceless. Auf About That Smile findet ihr au\u00dferdem Tipps, Tricks und Empfehlungen zu verschiedensten Themen&#8230;<\/p>\n","protected":false},"author":1,"featured_media":0,"parent":0,"menu_order":0,"comment_status":"closed","ping_status":"closed","template":"","meta":{"_kad_post_transparent":"","_kad_post_title":"","_kad_post_layout":"","_kad_post_sidebar_id":"","_kad_post_content_style":"","_kad_post_vertical_padding":"","_kad_post_feature":"","_kad_post_feature_position":"","_kad_post_header":false,"_kad_post_footer":false,"_kad_post_classname":"","footnotes":""},"class_list":["post-111","page","type-page","status-publish","hentry"],"_links":{"self":[{"href":"https:\/\/aboutthatsmile.com\/de\/wp-json\/wp\/v2\/pages\/111","targetHints":{"allow":["GET"]}}],"collection":[{"href":"https:\/\/aboutthatsmile.com\/de\/wp-json\/wp\/v2\/pages"}],"about":[{"href":"https:\/\/aboutthatsmile.com\/de\/wp-json\/wp\/v2\/types\/page"}],"author":[{"embeddable":true,"href":"https:\/\/aboutthatsmile.com\/de\/wp-json\/wp\/v2\/users\/1"}],"replies":[{"embeddable":true,"href":"https:\/\/aboutthatsmile.com\/de\/wp-json\/wp\/v2\/comments?post=111"}],"version-history":[{"count":9,"href":"https:\/\/aboutthatsmile.com\/de\/wp-json\/wp\/v2\/pages\/111\/revisions"}],"predecessor-version":[{"id":15726,"href":"https:\/\/aboutthatsmile.com\/de\/wp-json\/wp\/v2\/pages\/111\/revisions\/15726"}],"wp:attachment":[{"href":"https:\/\/aboutthatsmile.com\/de\/wp-json\/wp\/v2\/media?parent=111"}],"curies":[{"name":"wp","href":"https:\/\/api.w.org\/{rel}","templated":true}]}}