{"id":8269,"date":"2022-12-28T11:41:27","date_gmt":"2022-12-28T11:41:27","guid":{"rendered":"https:\/\/aboutthatsmile.com\/about-that-smile\/"},"modified":"2025-02-15T15:02:51","modified_gmt":"2025-02-15T15:02:51","slug":"about-that-smile","status":"publish","type":"page","link":"https:\/\/aboutthatsmile.com\/es\/about-that-smile\/","title":{"rendered":"Acerca de esa sonrisa"},"content":{"rendered":"\n<p class=\"has-text-align-center\"><em>About That Smile se fund\u00f3 en 2023 con el objetivo de crear una fuente de informaci\u00f3n fiable sobre el tema de la ortodoncia invisible (alineadores) en particular y la salud dental en general.<\/em><\/p>\n\n<p>Aqu\u00ed comparamos productos de proveedores como <a href=\"https:\/\/aboutthatsmile.com\/es\/dr-smile-opiniones\/\" data-type=\"post\" data-id=\"175\">DrSmile<\/a>, <a href=\"https:\/\/aboutthatsmile.com\/es\/plus-dental-opiniones\/\" data-type=\"post\" data-id=\"464\">PlusDental<\/a>, <a href=\"https:\/\/aboutthatsmile.com\/es\/invisalign-opiniones\/\" data-type=\"post\" data-id=\"258\">Invisalign<\/a>, <a href=\"https:\/\/aboutthatsmile.com\/es\/smileunion-opiniones\/\" data-type=\"post\" data-id=\"344\">Smileunion<\/a> y <a href=\"https:\/\/aboutthatsmile.com\/es\/braceless-opiniones\/\" data-type=\"post\" data-id=\"667\">Braceless<\/a>.  <\/p>\n\n<p>En About That Smile tambi\u00e9n encontrar\u00e1s consejos, trucos y recomendaciones sobre una amplia gama de temas relacionados con los alineadores invisibles.  <\/p>\n\n<p>Ya sean costes, ventajas e inconvenientes, el tratamiento adecuado o alternativas: Ofrecemos informaci\u00f3n cuidadosamente investigada pero f\u00e1cil de entender<strong> para cualquiera que est\u00e9 interesado en los alineadores<\/strong>, est\u00e9 considerando someterse a un tratamiento o ya lo haya iniciado.<\/p>\n\n<p>Y como el tema de la salud dental nos toca muy de cerca, ahora tambi\u00e9n puedes encontrar amplios consejos e informaci\u00f3n sobre la higiene bucal y los tratamientos dentales y c\u00f3mo financiarlos aqu\u00ed, en About That Smile.  <\/p>\n\n<figure class=\"wp-block-gallery has-nested-images columns-default is-cropped wp-block-gallery-1 is-layout-flex wp-block-gallery-is-layout-flex\">\n<figure class=\"wp-block-image size-large\"><img decoding=\"async\" width=\"1024\" height=\"683\" data-id=\"267\" src=\"https:\/\/aboutthatsmile.com\/wp-content\/uploads\/2023\/01\/frau-haelt-aligner-in-der-hand-laechelt-strahlend-1024x683.jpg\" alt=\"Mujer sonriente con alineadores en la mano - Experiencia Invisalign\" class=\"wp-image-267\" title=\"\" srcset=\"https:\/\/aboutthatsmile.com\/wp-content\/uploads\/2023\/01\/frau-haelt-aligner-in-der-hand-laechelt-strahlend-1024x683.jpg 1024w, https:\/\/aboutthatsmile.com\/wp-content\/uploads\/2023\/01\/frau-haelt-aligner-in-der-hand-laechelt-strahlend-300x200.jpg 300w, https:\/\/aboutthatsmile.com\/wp-content\/uploads\/2023\/01\/frau-haelt-aligner-in-der-hand-laechelt-strahlend-768x512.jpg 768w, https:\/\/aboutthatsmile.com\/wp-content\/uploads\/2023\/01\/frau-haelt-aligner-in-der-hand-laechelt-strahlend-960x640.jpg 960w, https:\/\/aboutthatsmile.com\/wp-content\/uploads\/2023\/01\/frau-haelt-aligner-in-der-hand-laechelt-strahlend-1080x720.jpg 1080w, https:\/\/aboutthatsmile.com\/wp-content\/uploads\/2023\/01\/frau-haelt-aligner-in-der-hand-laechelt-strahlend.jpg 1200w\" sizes=\"(max-width: 1024px) 100vw, 1024px\" \/><\/figure>\n\n\n\n<figure class=\"wp-block-image size-large\"><img decoding=\"async\" width=\"1024\" height=\"683\" data-id=\"152\" src=\"https:\/\/aboutthatsmile.com\/wp-content\/uploads\/2022\/12\/junger-mann-haelt-aligner-in-der-hand-1024x683.jpg\" alt=\"Joven con ortodoncia invisible en la mano - Experiencias DrSmile\" class=\"wp-image-152\" title=\"\" srcset=\"https:\/\/aboutthatsmile.com\/wp-content\/uploads\/2022\/12\/junger-mann-haelt-aligner-in-der-hand-1024x683.jpg 1024w, https:\/\/aboutthatsmile.com\/wp-content\/uploads\/2022\/12\/junger-mann-haelt-aligner-in-der-hand-300x200.jpg 300w, https:\/\/aboutthatsmile.com\/wp-content\/uploads\/2022\/12\/junger-mann-haelt-aligner-in-der-hand-768x512.jpg 768w, https:\/\/aboutthatsmile.com\/wp-content\/uploads\/2022\/12\/junger-mann-haelt-aligner-in-der-hand-960x640.jpg 960w, https:\/\/aboutthatsmile.com\/wp-content\/uploads\/2022\/12\/junger-mann-haelt-aligner-in-der-hand-1080x720.jpg 1080w, https:\/\/aboutthatsmile.com\/wp-content\/uploads\/2022\/12\/junger-mann-haelt-aligner-in-der-hand.jpg 1200w\" sizes=\"(max-width: 1024px) 100vw, 1024px\" \/><\/figure>\n\n\n\n<figure class=\"wp-block-image size-large\"><img decoding=\"async\" width=\"1024\" height=\"683\" data-id=\"148\" src=\"https:\/\/aboutthatsmile.com\/wp-content\/uploads\/2022\/12\/junge-frau-lacht-haelt-unsichtbare-zahnschiene-in-der-hand-1024x683.jpg\" alt=\"Experiencias DrSmile: &#xBF;C&#xF3;mo de buenos son realmente los alineadores Dr Smile?\" class=\"wp-image-148\" title=\"\" srcset=\"https:\/\/aboutthatsmile.com\/wp-content\/uploads\/2022\/12\/junge-frau-lacht-haelt-unsichtbare-zahnschiene-in-der-hand-1024x683.jpg 1024w, https:\/\/aboutthatsmile.com\/wp-content\/uploads\/2022\/12\/junge-frau-lacht-haelt-unsichtbare-zahnschiene-in-der-hand-300x200.jpg 300w, https:\/\/aboutthatsmile.com\/wp-content\/uploads\/2022\/12\/junge-frau-lacht-haelt-unsichtbare-zahnschiene-in-der-hand-768x512.jpg 768w, https:\/\/aboutthatsmile.com\/wp-content\/uploads\/2022\/12\/junge-frau-lacht-haelt-unsichtbare-zahnschiene-in-der-hand-960x640.jpg 960w, https:\/\/aboutthatsmile.com\/wp-content\/uploads\/2022\/12\/junge-frau-lacht-haelt-unsichtbare-zahnschiene-in-der-hand-1080x720.jpg 1080w, https:\/\/aboutthatsmile.com\/wp-content\/uploads\/2022\/12\/junge-frau-lacht-haelt-unsichtbare-zahnschiene-in-der-hand.jpg 1200w\" sizes=\"(max-width: 1024px) 100vw, 1024px\" \/><\/figure>\n<\/figure>\n\n<h2 class=\"wp-block-heading\">Informaci\u00f3n s\u00f3lida y experiencia de primera mano<\/h2>\n\n<p>Como nosotros mismos somos usuarios convencidos de la ortodoncia invisible, naturalmente tambi\u00e9n informamos <strong>de primera mano sobre nuestras experiencias<\/strong>. Somos abiertos y sinceros y no endulzamos nada para que puedas hacerte una idea exacta de lo que puedes esperar antes, durante y despu\u00e9s del tratamiento.   <\/p>\n\n<p>\u00bfHas investigado ya mucho en Internet y te sientes un poco perdido ante la gran cantidad de informaci\u00f3n, a veces incorrecta, obsoleta o incompleta?  <strong>Entonces About That Smile es el lugar adecuado para ti.  <\/strong><\/p>\n\n<h2 class=\"wp-block-heading has-text-align-center\">Sobre nosotros<\/h2>\n\n<p><strong>Nuestra misi\u00f3n:<\/strong> Queremos proporcionar a todos los interesados conocimientos fundados sobre esta forma sencilla, favorable y discreta de correcci\u00f3n dental.<\/p>\n\n<p><strong>Nuestro objetivo es<\/strong> ayudar al mayor n\u00famero posible de vosotros a conseguir una sonrisa radiante.  <\/p>\n\n<h3 class=\"wp-block-heading\">Tim (Cofundador)  <\/h3>\n\n<div class=\"wp-block-media-text alignwide is-stacked-on-mobile is-vertically-aligned-top\" style=\"grid-template-columns:30% auto\"><figure class=\"wp-block-media-text__media\"><img decoding=\"async\" width=\"500\" height=\"500\" src=\"https:\/\/aboutthatsmile.com\/wp-content\/uploads\/2024\/12\/Tim-Kroeger-founder-of-Universal-Traveller-Luxury-Travel-Specialist-shares-insights-into-hospitality-and-digital-nomads-trends-pioneered-luxury-bikepacking.png\" alt=\"\" class=\"wp-image-15781 size-full\" title=\"\" srcset=\"https:\/\/aboutthatsmile.com\/wp-content\/uploads\/2024\/12\/Tim-Kroeger-founder-of-Universal-Traveller-Luxury-Travel-Specialist-shares-insights-into-hospitality-and-digital-nomads-trends-pioneered-luxury-bikepacking.png 500w, https:\/\/aboutthatsmile.com\/wp-content\/uploads\/2024\/12\/Tim-Kroeger-founder-of-Universal-Traveller-Luxury-Travel-Specialist-shares-insights-into-hospitality-and-digital-nomads-trends-pioneered-luxury-bikepacking-300x300.png 300w, https:\/\/aboutthatsmile.com\/wp-content\/uploads\/2024\/12\/Tim-Kroeger-founder-of-Universal-Traveller-Luxury-Travel-Specialist-shares-insights-into-hospitality-and-digital-nomads-trends-pioneered-luxury-bikepacking-150x150.png 150w\" sizes=\"(max-width: 500px) 100vw, 500px\" \/><\/figure><div class=\"wp-block-media-text__content\">\n<p>Tras completar con \u00e9xito una licenciatura en Administraci\u00f3n de Empresas, Tim empez\u00f3 a especializarse en la optimizaci\u00f3n de motores de b\u00fasqueda (SEO). Tras adquirir profundos conocimientos durante un largo periodo de tiempo, finalmente empez\u00f3 a crear sus primeros sitios web.   <\/p>\n\n\n\n<p>El \u00e9xito no tard\u00f3 en llegar. Aunque ahora dirige varios sitios web muy conocidos, est\u00e1 especialmente interesado en el tema de los alineadores debido a sus propias experiencias.   <strong>Con About That Smile, tambi\u00e9n quiere ayudar a otras personas a hacer realidad su sue\u00f1o de tener unos dientes bonitos.  <\/strong><\/p>\n<\/div><\/div>\n\n<h3 class=\"wp-block-heading\"><a href=\"https:\/\/aboutthatsmile.com\/de\/author\/franzi\/\">Franzi (Cofundador)<\/a><\/h3>\n\n<div class=\"wp-block-media-text alignwide is-stacked-on-mobile is-vertically-aligned-top\" style=\"grid-template-columns:30% auto\"><figure class=\"wp-block-media-text__media\"><img decoding=\"async\" width=\"900\" height=\"1200\" src=\"https:\/\/aboutthatsmile.com\/wp-content\/uploads\/2023\/01\/IMG_9794.jpg\" alt=\"Franzi - Cofundador Sobre esa sonrisa\" class=\"wp-image-790 size-full\" title=\"\" srcset=\"https:\/\/aboutthatsmile.com\/wp-content\/uploads\/2023\/01\/IMG_9794.jpg 900w, https:\/\/aboutthatsmile.com\/wp-content\/uploads\/2023\/01\/IMG_9794-225x300.jpg 225w, https:\/\/aboutthatsmile.com\/wp-content\/uploads\/2023\/01\/IMG_9794-768x1024.jpg 768w, https:\/\/aboutthatsmile.com\/wp-content\/uploads\/2023\/01\/IMG_9794-546x728.jpg 546w, https:\/\/aboutthatsmile.com\/wp-content\/uploads\/2023\/01\/IMG_9794-360x480.jpg 360w, https:\/\/aboutthatsmile.com\/wp-content\/uploads\/2023\/01\/IMG_9794-240x320.jpg 240w, https:\/\/aboutthatsmile.com\/wp-content\/uploads\/2023\/01\/IMG_9794-720x960.jpg 720w, https:\/\/aboutthatsmile.com\/wp-content\/uploads\/2023\/01\/IMG_9794-810x1080.jpg 810w\" sizes=\"(max-width: 900px) 100vw, 900px\" \/><\/figure><div class=\"wp-block-media-text__content\">\n<p>Tras estudiar alem\u00e1n y sociolog\u00eda, Franzi empez\u00f3 a trabajar primero como empleada fija y m\u00e1s tarde como redactora online aut\u00f3noma. Se top\u00f3 con el tema de los alineadores por casualidad, cuando estuvo trabajando para un cliente del sector dental durante un largo periodo de tiempo.   <\/p>\n\n\n\n<p>A lo largo de los a\u00f1os, ha adquirido profundos conocimientos en las \u00e1reas de correcci\u00f3n dental, cuidado dental, maloclusiones y enfermedades, as\u00ed como turismo dental. Estaba tan entusiasmada con la ortodoncia invisible que acab\u00f3 iniciando ella misma el tratamiento con alineadores.   <\/p>\n\n\n\n<p>En About That Smile, pretende impartir conocimientos s\u00f3lidos a cualquier persona interesada en corregir sus dientes con alineadores invisibles.  <strong>Sobre todo, quiere compartir experiencias personales y explicar las ventajas e inconvenientes del tratamiento.  <\/strong><\/p>\n<\/div><\/div>\n\n<p><\/p>\n","protected":false},"excerpt":{"rendered":"<p>About That Smile se fund\u00f3 en 2023 con el objetivo de crear una fuente de informaci\u00f3n fiable sobre el tema de la ortodoncia invisible (alineadores) en particular y la salud dental en general. Aqu\u00ed comparamos productos de proveedores como DrSmile, PlusDental, Invisalign, Smileunion y Braceless. En About That Smile tambi\u00e9n encontrar\u00e1s consejos, trucos y recomendaciones&#8230;<\/p>\n","protected":false},"author":1,"featured_media":0,"parent":0,"menu_order":0,"comment_status":"closed","ping_status":"closed","template":"","meta":{"_kad_post_transparent":"","_kad_post_title":"","_kad_post_layout":"","_kad_post_sidebar_id":"","_kad_post_content_style":"","_kad_post_vertical_padding":"","_kad_post_feature":"","_kad_post_feature_position":"","_kad_post_header":false,"_kad_post_footer":false,"_kad_post_classname":"","footnotes":""},"class_list":["post-8269","page","type-page","status-publish","hentry"],"_links":{"self":[{"href":"https:\/\/aboutthatsmile.com\/es\/wp-json\/wp\/v2\/pages\/8269","targetHints":{"allow":["GET"]}}],"collection":[{"href":"https:\/\/aboutthatsmile.com\/es\/wp-json\/wp\/v2\/pages"}],"about":[{"href":"https:\/\/aboutthatsmile.com\/es\/wp-json\/wp\/v2\/types\/page"}],"author":[{"embeddable":true,"href":"https:\/\/aboutthatsmile.com\/es\/wp-json\/wp\/v2\/users\/1"}],"replies":[{"embeddable":true,"href":"https:\/\/aboutthatsmile.com\/es\/wp-json\/wp\/v2\/comments?post=8269"}],"version-history":[{"count":3,"href":"https:\/\/aboutthatsmile.com\/es\/wp-json\/wp\/v2\/pages\/8269\/revisions"}],"predecessor-version":[{"id":15730,"href":"https:\/\/aboutthatsmile.com\/es\/wp-json\/wp\/v2\/pages\/8269\/revisions\/15730"}],"wp:attachment":[{"href":"https:\/\/aboutthatsmile.com\/es\/wp-json\/wp\/v2\/media?parent=8269"}],"curies":[{"name":"wp","href":"https:\/\/api.w.org\/{rel}","templated":true}]}}