{"id":8273,"date":"2022-12-26T04:17:18","date_gmt":"2022-12-26T04:17:18","guid":{"rendered":"https:\/\/aboutthatsmile.com\/descargo-de-responsabilidad-del-afiliado\/"},"modified":"2023-09-09T04:05:57","modified_gmt":"2023-09-09T04:05:57","slug":"descargo-de-responsabilidad-del-afiliado","status":"publish","type":"page","link":"https:\/\/aboutthatsmile.com\/es\/descargo-de-responsabilidad-del-afiliado\/","title":{"rendered":"Descargo de responsabilidad del afiliado"},"content":{"rendered":"\n<p>Ciertos productos\/servicios y enlaces a productos\/servicios son enlaces de afiliados, y puede que gane una comisi\u00f3n por las compras que hagas. Ocasionalmente, recibo una compensaci\u00f3n por dar mi opini\u00f3n sincera sobre productos y\/o servicios. Esto no te supondr\u00e1 costes adicionales.<\/p>\n\n<p>Te menciono estos productos y servicios porque creo en ellos y quiero ayudarte a mejorar tu vida. S\u00f3lo recomiendo productos o servicios que creo que te aportan valor. Por supuesto, About That Smile es una empresa con \u00e1nimo de lucro, lo que significa que obtengo ingresos con este sitio web.<\/p>\n\n<p>Para facilitarnos las cosas a ambos, debes asumir que cualquier enlace que te lleve a productos o servicios son enlaces de afiliados y que recibir\u00e9 una comisi\u00f3n por tu compra.<\/p>\n\n<p>Se hace todo lo posible para garantizar que los enlaces de afiliados se divulguen de acuerdo con la FTC.<\/p>\n\n<p>Como asociado de Amazon, gano por las compras que cumplen los requisitos.<\/p>\n\n<p>Este blog acepta formas de publicidad en efectivo, patrocinio, inserciones pagadas u otras formas de compensaci\u00f3n.<\/p>\n\n<p>Este blog se rige por las normas del marketing boca a boca. Creemos en la honestidad de las relaciones, las opiniones y la identidad. La compensaci\u00f3n recibida puede influir en el contenido publicitario, en los temas o en las publicaciones realizadas en este blog. Ese contenido, espacio publicitario o post estar\u00e1 claramente identificado como contenido pagado o patrocinado.<\/p>\n\n<p>El\/los propietario\/s de este blog recibe\/n una compensaci\u00f3n por proporcionar opiniones sobre productos, servicios, sitios web y otros temas diversos. Aunque los propietarios de este blog reciban una compensaci\u00f3n por nuestras publicaciones o anuncios, siempre damos nuestras honestas opiniones, descubrimientos, creencias o experiencias sobre esos temas o productos. Los puntos de vista y las opiniones expresadas en este blog son exclusivamente de los blogueros. Cualquier afirmaci\u00f3n, estad\u00edstica, cita u otra representaci\u00f3n sobre un producto o servicio debe verificarse con el fabricante, el proveedor o la parte en cuesti\u00f3n.<\/p>\n\n<p><a href=\"https:\/\/aboutthatsmile.com\/privacy-policy\/\">Pol\u00edtica de privacidad<\/a><\/p>\n","protected":false},"excerpt":{"rendered":"<p>Ciertos productos\/servicios y enlaces a productos\/servicios son enlaces de afiliados, y puede que gane una comisi\u00f3n por las compras que hagas. Ocasionalmente, recibo una compensaci\u00f3n por dar mi opini\u00f3n sincera sobre productos y\/o servicios. Esto no te supondr\u00e1 costes adicionales. Te menciono estos productos y servicios porque creo en ellos y quiero ayudarte a mejorar&#8230;<\/p>\n","protected":false},"author":1,"featured_media":0,"parent":0,"menu_order":0,"comment_status":"closed","ping_status":"closed","template":"","meta":{"_kad_post_transparent":"","_kad_post_title":"","_kad_post_layout":"","_kad_post_sidebar_id":"","_kad_post_content_style":"","_kad_post_vertical_padding":"","_kad_post_feature":"","_kad_post_feature_position":"","_kad_post_header":false,"_kad_post_footer":false,"_kad_post_classname":"","footnotes":""},"class_list":["post-8273","page","type-page","status-publish","hentry"],"_links":{"self":[{"href":"https:\/\/aboutthatsmile.com\/es\/wp-json\/wp\/v2\/pages\/8273","targetHints":{"allow":["GET"]}}],"collection":[{"href":"https:\/\/aboutthatsmile.com\/es\/wp-json\/wp\/v2\/pages"}],"about":[{"href":"https:\/\/aboutthatsmile.com\/es\/wp-json\/wp\/v2\/types\/page"}],"author":[{"embeddable":true,"href":"https:\/\/aboutthatsmile.com\/es\/wp-json\/wp\/v2\/users\/1"}],"replies":[{"embeddable":true,"href":"https:\/\/aboutthatsmile.com\/es\/wp-json\/wp\/v2\/comments?post=8273"}],"version-history":[{"count":3,"href":"https:\/\/aboutthatsmile.com\/es\/wp-json\/wp\/v2\/pages\/8273\/revisions"}],"predecessor-version":[{"id":8276,"href":"https:\/\/aboutthatsmile.com\/es\/wp-json\/wp\/v2\/pages\/8273\/revisions\/8276"}],"wp:attachment":[{"href":"https:\/\/aboutthatsmile.com\/es\/wp-json\/wp\/v2\/media?parent=8273"}],"curies":[{"name":"wp","href":"https:\/\/api.w.org\/{rel}","templated":true}]}}