{"id":617,"date":"2022-12-26T04:17:18","date_gmt":"2022-12-26T04:17:18","guid":{"rendered":"https:\/\/aboutthatsmile.com\/esclusione-di-responsabilita-per-gli-affiliati\/"},"modified":"2023-01-13T03:45:25","modified_gmt":"2023-01-13T03:45:25","slug":"esclusione-di-responsabilita-per-gli-affiliati","status":"publish","type":"page","link":"https:\/\/aboutthatsmile.com\/it\/esclusione-di-responsabilita-per-gli-affiliati\/","title":{"rendered":"Esclusione di responsabilit\u00e0 per gli affiliati"},"content":{"rendered":"\n<p>Alcuni prodotti\/servizi e link a prodotti\/servizi sono link affiliati e potrei ricevere una commissione per ogni acquisto effettuato. Occasionalmente vengo ricompensata per dare la mia onesta opinione su prodotti e\/o servizi. Questo significa che non ci sono costi aggiuntivi per te.<\/p>\n\n<p>Parlo di questi prodotti e servizi perch\u00e9 credo in loro e voglio aiutarti a migliorare la tua vita. Raccomando solo prodotti o servizi che ritengo possano essere utili per te. Naturalmente, About That Smile \u00e8 un&#8217;azienda a scopo di lucro, il che significa che guadagno un reddito da questo sito.<\/p>\n\n<p>Per agevolare entrambi, devi presumere che i link che ti portano a prodotti o servizi siano link di affiliazione e che io riceva una commissione per il tuo acquisto.<\/p>\n\n<p>Verr\u00e0 fatto ogni sforzo per garantire che i link di affiliazione siano divulgati in conformit\u00e0 con la FTC.<\/p>\n\n<p>In qualit\u00e0 di Associato Amazon, guadagno sugli acquisti qualificati.<\/p>\n\n<p>Questo blog accetta forme di pubblicit\u00e0, sponsorizzazione, inserzioni a pagamento o altre forme di compenso.<\/p>\n\n<p>Questo blog rispetta gli standard del marketing del passaparola. Crediamo nell&#8217;onest\u00e0 delle relazioni, delle opinioni e dell&#8217;identit\u00e0. Il compenso ricevuto pu\u00f2 influenzare i contenuti pubblicitari, gli argomenti o i post di questo blog. Questi contenuti, spazi pubblicitari o post saranno chiaramente identificati come contenuti a pagamento o sponsorizzati.<\/p>\n\n<p>I proprietari di questo blog ricevono un compenso per fornire opinioni su prodotti, servizi, siti web e altri argomenti. Sebbene i proprietari di questo blog possano ricevere compensi per i nostri post o per la pubblicit\u00e0, forniamo sempre le nostre opinioni, scoperte, convinzioni o esperienze oneste su questi argomenti o prodotti. Le opinioni e i pareri espressi in questo blog sono esclusivamente quelli dei blogger. Qualsiasi affermazione, statistica, citazione o altra rappresentazione di un prodotto o servizio deve essere verificata con il produttore, il fornitore o la parte interessata.<\/p>\n\n<p><a href=\"https:\/\/aboutthatsmile.com\/sv\/integritetspolicy\/\">Informativa sulla privacy<\/a><\/p>\n","protected":false},"excerpt":{"rendered":"<p>Alcuni prodotti\/servizi e link a prodotti\/servizi sono link affiliati e potrei ricevere una commissione per ogni acquisto effettuato. Occasionalmente vengo ricompensata per dare la mia onesta opinione su prodotti e\/o servizi. Questo significa che non ci sono costi aggiuntivi per te. Parlo di questi prodotti e servizi perch\u00e9 credo in loro e voglio aiutarti a&#8230;<\/p>\n","protected":false},"author":1,"featured_media":0,"parent":0,"menu_order":0,"comment_status":"closed","ping_status":"closed","template":"","meta":{"_kad_post_transparent":"","_kad_post_title":"","_kad_post_layout":"","_kad_post_sidebar_id":"","_kad_post_content_style":"","_kad_post_vertical_padding":"","_kad_post_feature":"","_kad_post_feature_position":"","_kad_post_header":false,"_kad_post_footer":false,"_kad_post_classname":"","footnotes":""},"class_list":["post-617","page","type-page","status-publish","hentry"],"_links":{"self":[{"href":"https:\/\/aboutthatsmile.com\/it\/wp-json\/wp\/v2\/pages\/617","targetHints":{"allow":["GET"]}}],"collection":[{"href":"https:\/\/aboutthatsmile.com\/it\/wp-json\/wp\/v2\/pages"}],"about":[{"href":"https:\/\/aboutthatsmile.com\/it\/wp-json\/wp\/v2\/types\/page"}],"author":[{"embeddable":true,"href":"https:\/\/aboutthatsmile.com\/it\/wp-json\/wp\/v2\/users\/1"}],"replies":[{"embeddable":true,"href":"https:\/\/aboutthatsmile.com\/it\/wp-json\/wp\/v2\/comments?post=617"}],"version-history":[{"count":1,"href":"https:\/\/aboutthatsmile.com\/it\/wp-json\/wp\/v2\/pages\/617\/revisions"}],"predecessor-version":[{"id":619,"href":"https:\/\/aboutthatsmile.com\/it\/wp-json\/wp\/v2\/pages\/617\/revisions\/619"}],"wp:attachment":[{"href":"https:\/\/aboutthatsmile.com\/it\/wp-json\/wp\/v2\/media?parent=617"}],"curies":[{"name":"wp","href":"https:\/\/api.w.org\/{rel}","templated":true}]}}