{"id":2681,"date":"2022-12-26T04:17:18","date_gmt":"2022-12-26T04:17:18","guid":{"rendered":"https:\/\/aboutthatsmile.com\/ansvarsfriskrivning-for-affiliate\/"},"modified":"2023-03-13T18:23:29","modified_gmt":"2023-03-13T18:23:29","slug":"ansvarsfriskrivning-for-affiliate","status":"publish","type":"page","link":"https:\/\/aboutthatsmile.com\/sv\/ansvarsfriskrivning-for-affiliate\/","title":{"rendered":"Ansvarsfriskrivning f\u00f6r affiliate"},"content":{"rendered":"\n<p>Vissa produkter\/tj\u00e4nster och l\u00e4nkar till produkter\/tj\u00e4nster \u00e4r affilierade l\u00e4nkar och jag kan f\u00e5 en provision f\u00f6r varje k\u00f6p du g\u00f6r. Ibland f\u00e5r jag ers\u00e4ttning f\u00f6r att ge min \u00e4rliga \u00e5sikt om produkter och\/eller tj\u00e4nster. Det inneb\u00e4r att det inte finns n\u00e5gra extra kostnader f\u00f6r dig.<\/p>\n\n<p>Jag n\u00e4mner dessa produkter och tj\u00e4nster eftersom jag tror p\u00e5 dem och vill hj\u00e4lpa dig att f\u00f6rb\u00e4ttra ditt liv. Jag rekommenderar endast produkter och tj\u00e4nster som jag tror kommer att gynna dig. About That Smile \u00e4r naturligtvis ett vinstdrivande f\u00f6retag, vilket inneb\u00e4r att jag tj\u00e4nar pengar p\u00e5 den h\u00e4r webbplatsen.<\/p>\n\n<p>F\u00f6r att g\u00f6ra det enkelt f\u00f6r oss b\u00e5da b\u00f6r du utg\u00e5 fr\u00e5n att alla l\u00e4nkar som leder dig till produkter eller tj\u00e4nster \u00e4r affilierade l\u00e4nkar och att jag f\u00e5r en provision f\u00f6r ditt k\u00f6p.<\/p>\n\n<p>Alla anstr\u00e4ngningar kommer att g\u00f6ras f\u00f6r att se till att affiliatel\u00e4nkar redovisas i enlighet med FTC.<\/p>\n\n<p>Som Amazon Associate tj\u00e4nar jag pengar p\u00e5 kvalificerade k\u00f6p.<\/p>\n\n<p>Den h\u00e4r bloggen accepterar former av monet\u00e4r reklam, sponsring, betalda inlagor eller andra former av ers\u00e4ttning.<\/p>\n\n<p>Den h\u00e4r bloggen f\u00f6ljer normerna f\u00f6r mun-till-mun-marknadsf\u00f6ring. Vi tror p\u00e5 \u00e4rlighet i relationer, \u00e5sikter och identitet. Ers\u00e4ttningen kan p\u00e5verka reklaminneh\u00e5llet, \u00e4mnena eller inl\u00e4ggen p\u00e5 bloggen. Inneh\u00e5llet, annonsutrymmet eller inl\u00e4gget ska tydligt identifieras som betalt eller sponsrat inneh\u00e5ll.<\/p>\n\n<p>\u00c4garen\/\u00e4garna till den h\u00e4r bloggen kompenseras f\u00f6r att ge sina \u00e5sikter om produkter, tj\u00e4nster, webbplatser och andra \u00e4mnen. \u00c4ven om \u00e4garen\/\u00e4garna till den h\u00e4r bloggen kan f\u00e5 ers\u00e4ttning f\u00f6r v\u00e5ra inl\u00e4gg eller annonser ger vi alltid v\u00e5ra \u00e4rliga \u00e5sikter, slutsatser, \u00f6vertygelser eller erfarenheter om dessa \u00e4mnen eller produkter. De \u00e5sikter och \u00e5sikter som uttrycks i den h\u00e4r bloggen \u00e4r enbart bloggarens egna. Alla produktp\u00e5st\u00e5enden, statistik, citat eller andra p\u00e5st\u00e5enden om en produkt eller tj\u00e4nst b\u00f6r kontrolleras av tillverkaren, leverant\u00f6ren eller den ber\u00f6rda parten.<\/p>\n\n<p><a href=\"https:\/\/aboutthatsmile.com\/sv\/integritetspolicy\/\">Integritetspolicy<\/a><\/p>\n","protected":false},"excerpt":{"rendered":"<p>Vissa produkter\/tj\u00e4nster och l\u00e4nkar till produkter\/tj\u00e4nster \u00e4r affilierade l\u00e4nkar och jag kan f\u00e5 en provision f\u00f6r varje k\u00f6p du g\u00f6r. Ibland f\u00e5r jag ers\u00e4ttning f\u00f6r att ge min \u00e4rliga \u00e5sikt om produkter och\/eller tj\u00e4nster. Det inneb\u00e4r att det inte finns n\u00e5gra extra kostnader f\u00f6r dig. Jag n\u00e4mner dessa produkter och tj\u00e4nster eftersom jag tror p\u00e5&#8230;<\/p>\n","protected":false},"author":1,"featured_media":0,"parent":0,"menu_order":0,"comment_status":"closed","ping_status":"closed","template":"","meta":{"_kad_post_transparent":"","_kad_post_title":"","_kad_post_layout":"","_kad_post_sidebar_id":"","_kad_post_content_style":"","_kad_post_vertical_padding":"","_kad_post_feature":"","_kad_post_feature_position":"","_kad_post_header":false,"_kad_post_footer":false,"_kad_post_classname":"","footnotes":""},"class_list":["post-2681","page","type-page","status-publish","hentry"],"_links":{"self":[{"href":"https:\/\/aboutthatsmile.com\/sv\/wp-json\/wp\/v2\/pages\/2681","targetHints":{"allow":["GET"]}}],"collection":[{"href":"https:\/\/aboutthatsmile.com\/sv\/wp-json\/wp\/v2\/pages"}],"about":[{"href":"https:\/\/aboutthatsmile.com\/sv\/wp-json\/wp\/v2\/types\/page"}],"author":[{"embeddable":true,"href":"https:\/\/aboutthatsmile.com\/sv\/wp-json\/wp\/v2\/users\/1"}],"replies":[{"embeddable":true,"href":"https:\/\/aboutthatsmile.com\/sv\/wp-json\/wp\/v2\/comments?post=2681"}],"version-history":[{"count":1,"href":"https:\/\/aboutthatsmile.com\/sv\/wp-json\/wp\/v2\/pages\/2681\/revisions"}],"predecessor-version":[{"id":2682,"href":"https:\/\/aboutthatsmile.com\/sv\/wp-json\/wp\/v2\/pages\/2681\/revisions\/2682"}],"wp:attachment":[{"href":"https:\/\/aboutthatsmile.com\/sv\/wp-json\/wp\/v2\/media?parent=2681"}],"curies":[{"name":"wp","href":"https:\/\/api.w.org\/{rel}","templated":true}]}}