{"id":2698,"date":"2022-12-28T11:41:27","date_gmt":"2022-12-28T11:41:27","guid":{"rendered":"https:\/\/aboutthatsmile.com\/om-det-dar-leendet\/"},"modified":"2025-02-15T15:02:54","modified_gmt":"2025-02-15T15:02:54","slug":"om-about-that-smile","status":"publish","type":"page","link":"https:\/\/aboutthatsmile.com\/sv\/om-about-that-smile\/","title":{"rendered":"Om det d\u00e4r leendet"},"content":{"rendered":"\n<p class=\"has-text-align-center\"><em>About That Smile grundades 2023 i syfte att skapa en tillf\u00f6rlitlig informationsk\u00e4lla om osynliga tandst\u00e4llningar (aligners) i synnerhet och tandh\u00e4lsa i allm\u00e4nhet.<\/em><\/p>\n\n<p>H\u00e4r j\u00e4mf\u00f6r vi produkter fr\u00e5n leverant\u00f6rer som <a href=\"https:\/\/aboutthatsmile.com\/sv\/drsmile-erfarenheter\/\" data-type=\"post\" data-id=\"175\">DrSmile<\/a>, <a href=\"https:\/\/aboutthatsmile.com\/sv\/plusdental-erfarenhet\/\" data-type=\"post\" data-id=\"464\">PlusDental<\/a>, <a href=\"https:\/\/aboutthatsmile.com\/sv\/invisalign-erfarenhet\/\" data-type=\"post\" data-id=\"258\">Invisalign<\/a>, <a href=\"https:\/\/aboutthatsmile.com\/sv\/smileunion-erfarenhet\/\" data-type=\"post\" data-id=\"344\">Smileunion<\/a> eller <a href=\"https:\/\/aboutthatsmile.com\/sv\/braceless-erfarenhet\/\" data-type=\"post\" data-id=\"667\">Braceless<\/a>.  <\/p>\n\n<p>P\u00e5 About That Smile hittar du ocks\u00e5 tips, tricks och rekommendationer om en m\u00e4ngd olika \u00e4mnen som r\u00f6r osynliga tandst\u00e4llningar.  <\/p>\n\n<p>Kostnader, f\u00f6r- och nackdelar, r\u00e4tt v\u00e5rd eller alternativ: Vi erbjuder noggrant unders\u00f6kt men \u00e4nd\u00e5 l\u00e4ttf\u00f6rst\u00e5elig information<strong> f\u00f6r alla som \u00e4r intresserade av \u00e4mnet aligners<\/strong>, \u00f6verv\u00e4ger behandling eller har p\u00e5b\u00f6rjat den.<\/p>\n\n<p>Och eftersom \u00e4mnet tandh\u00e4lsa ligger oss varmt om hj\u00e4rtat kan du nu ocks\u00e5 hitta omfattande tips och information om munhygien och tandbehandlingar och hur du finansierar dem h\u00e4r p\u00e5 About That Smile.  <\/p>\n\n<figure class=\"wp-block-gallery has-nested-images columns-default is-cropped wp-block-gallery-1 is-layout-flex wp-block-gallery-is-layout-flex\">\n<figure class=\"wp-block-image size-large\"><img decoding=\"async\" width=\"1024\" height=\"683\" data-id=\"267\" src=\"https:\/\/aboutthatsmile.com\/wp-content\/uploads\/2023\/01\/frau-haelt-aligner-in-der-hand-laechelt-strahlend-1024x683.jpg\" alt=\"Kvinna som h&#xE5;ller i tandst&#xE4;llningen med ett leende - Invisalign-upplevelse\" class=\"wp-image-267\" title=\"\" srcset=\"https:\/\/aboutthatsmile.com\/wp-content\/uploads\/2023\/01\/frau-haelt-aligner-in-der-hand-laechelt-strahlend-1024x683.jpg 1024w, https:\/\/aboutthatsmile.com\/wp-content\/uploads\/2023\/01\/frau-haelt-aligner-in-der-hand-laechelt-strahlend-300x200.jpg 300w, https:\/\/aboutthatsmile.com\/wp-content\/uploads\/2023\/01\/frau-haelt-aligner-in-der-hand-laechelt-strahlend-768x512.jpg 768w, https:\/\/aboutthatsmile.com\/wp-content\/uploads\/2023\/01\/frau-haelt-aligner-in-der-hand-laechelt-strahlend-960x640.jpg 960w, https:\/\/aboutthatsmile.com\/wp-content\/uploads\/2023\/01\/frau-haelt-aligner-in-der-hand-laechelt-strahlend-1080x720.jpg 1080w, https:\/\/aboutthatsmile.com\/wp-content\/uploads\/2023\/01\/frau-haelt-aligner-in-der-hand-laechelt-strahlend.jpg 1200w\" sizes=\"(max-width: 1024px) 100vw, 1024px\" \/><\/figure>\n\n\n\n<figure class=\"wp-block-image size-large\"><img decoding=\"async\" width=\"1024\" height=\"683\" data-id=\"152\" src=\"https:\/\/aboutthatsmile.com\/wp-content\/uploads\/2022\/12\/junger-mann-haelt-aligner-in-der-hand-1024x683.jpg\" alt=\"Ung man med osynlig tandst&#xE4;llning i handen - DrSmile experience\" class=\"wp-image-152\" title=\"\" srcset=\"https:\/\/aboutthatsmile.com\/wp-content\/uploads\/2022\/12\/junger-mann-haelt-aligner-in-der-hand-1024x683.jpg 1024w, https:\/\/aboutthatsmile.com\/wp-content\/uploads\/2022\/12\/junger-mann-haelt-aligner-in-der-hand-300x200.jpg 300w, https:\/\/aboutthatsmile.com\/wp-content\/uploads\/2022\/12\/junger-mann-haelt-aligner-in-der-hand-768x512.jpg 768w, https:\/\/aboutthatsmile.com\/wp-content\/uploads\/2022\/12\/junger-mann-haelt-aligner-in-der-hand-960x640.jpg 960w, https:\/\/aboutthatsmile.com\/wp-content\/uploads\/2022\/12\/junger-mann-haelt-aligner-in-der-hand-1080x720.jpg 1080w, https:\/\/aboutthatsmile.com\/wp-content\/uploads\/2022\/12\/junger-mann-haelt-aligner-in-der-hand.jpg 1200w\" sizes=\"(max-width: 1024px) 100vw, 1024px\" \/><\/figure>\n\n\n\n<figure class=\"wp-block-image size-large\"><img decoding=\"async\" width=\"1024\" height=\"683\" data-id=\"148\" src=\"https:\/\/aboutthatsmile.com\/wp-content\/uploads\/2022\/12\/junge-frau-lacht-haelt-unsichtbare-zahnschiene-in-der-hand-1024x683.jpg\" alt=\"DrSmile erfarenheter: Hur bra &#xE4;r Dr Smile aligners egentligen?\" class=\"wp-image-148\" title=\"\" srcset=\"https:\/\/aboutthatsmile.com\/wp-content\/uploads\/2022\/12\/junge-frau-lacht-haelt-unsichtbare-zahnschiene-in-der-hand-1024x683.jpg 1024w, https:\/\/aboutthatsmile.com\/wp-content\/uploads\/2022\/12\/junge-frau-lacht-haelt-unsichtbare-zahnschiene-in-der-hand-300x200.jpg 300w, https:\/\/aboutthatsmile.com\/wp-content\/uploads\/2022\/12\/junge-frau-lacht-haelt-unsichtbare-zahnschiene-in-der-hand-768x512.jpg 768w, https:\/\/aboutthatsmile.com\/wp-content\/uploads\/2022\/12\/junge-frau-lacht-haelt-unsichtbare-zahnschiene-in-der-hand-960x640.jpg 960w, https:\/\/aboutthatsmile.com\/wp-content\/uploads\/2022\/12\/junge-frau-lacht-haelt-unsichtbare-zahnschiene-in-der-hand-1080x720.jpg 1080w, https:\/\/aboutthatsmile.com\/wp-content\/uploads\/2022\/12\/junge-frau-lacht-haelt-unsichtbare-zahnschiene-in-der-hand.jpg 1200w\" sizes=\"(max-width: 1024px) 100vw, 1024px\" \/><\/figure>\n<\/figure>\n\n<h2 class=\"wp-block-heading\">Bra information och f\u00f6rstahandserfarenhet<\/h2>\n\n<p>Eftersom vi sj\u00e4lva \u00e4r \u00f6vertygade anv\u00e4ndare av osynliga tandst\u00e4llningar rapporterar vi naturligtvis ocks\u00e5 <strong>f\u00f6rstahandsinformation om v\u00e5ra erfarenheter<\/strong>. Vi \u00e4r \u00f6ppna och \u00e4rliga och f\u00f6rsk\u00f6nar ingenting, s\u00e5 att du kan f\u00e5 en korrekt bild av vad du kan f\u00f6rv\u00e4nta dig f\u00f6re, under och efter behandlingen.   <\/p>\n\n<p>Du har redan gjort en hel del efterforskningar p\u00e5 internet och k\u00e4nner dig lite f\u00f6rbryllad inf\u00f6r den stora m\u00e4ngden information som delvis \u00e4r felaktig, f\u00f6r\u00e5ldrad eller ofullst\u00e4ndig?  <strong>D\u00e5 \u00e4r About That Smile r\u00e4tt st\u00e4lle f\u00f6r dig.  <\/strong><\/p>\n\n<h2 class=\"wp-block-heading has-text-align-center\">Om oss<\/h2>\n\n<p><strong>V\u00e5rt uppdrag:<\/strong> Vi vill f\u00f6rmedla gedigen kunskap om denna enkla, billiga och diskreta form av tandkorrigering till alla intresserade.<\/p>\n\n<p><strong>V\u00e5rt m\u00e5l \u00e4r<\/strong> att hj\u00e4lpa s\u00e5 m\u00e5nga som m\u00f6jligt av er att f\u00e5 ett str\u00e5lande leende.  <\/p>\n\n<h3 class=\"wp-block-heading\">Tim (medgrundare)  <\/h3>\n\n<div class=\"wp-block-media-text alignwide is-stacked-on-mobile is-vertically-aligned-top\" style=\"grid-template-columns:30% auto\"><figure class=\"wp-block-media-text__media\"><img decoding=\"async\" width=\"500\" height=\"500\" src=\"https:\/\/aboutthatsmile.com\/wp-content\/uploads\/2024\/12\/Tim-Kroeger-founder-of-Universal-Traveller-Luxury-Travel-Specialist-shares-insights-into-hospitality-and-digital-nomads-trends-pioneered-luxury-bikepacking.png\" alt=\"\" class=\"wp-image-15781 size-full\" title=\"\" srcset=\"https:\/\/aboutthatsmile.com\/wp-content\/uploads\/2024\/12\/Tim-Kroeger-founder-of-Universal-Traveller-Luxury-Travel-Specialist-shares-insights-into-hospitality-and-digital-nomads-trends-pioneered-luxury-bikepacking.png 500w, https:\/\/aboutthatsmile.com\/wp-content\/uploads\/2024\/12\/Tim-Kroeger-founder-of-Universal-Traveller-Luxury-Travel-Specialist-shares-insights-into-hospitality-and-digital-nomads-trends-pioneered-luxury-bikepacking-300x300.png 300w, https:\/\/aboutthatsmile.com\/wp-content\/uploads\/2024\/12\/Tim-Kroeger-founder-of-Universal-Traveller-Luxury-Travel-Specialist-shares-insights-into-hospitality-and-digital-nomads-trends-pioneered-luxury-bikepacking-150x150.png 150w\" sizes=\"(max-width: 500px) 100vw, 500px\" \/><\/figure><div class=\"wp-block-media-text__content\">\n<p>Efter att ha avlagt en examen i f\u00f6retagsekonomi b\u00f6rjade Tim specialisera sig p\u00e5 s\u00f6kmotoroptimering (SEO). Efter att ha skaffat sig djupg\u00e5ende kunskaper under en l\u00e5ng tid b\u00f6rjade han slutligen bygga sina f\u00f6rsta webbplatser.   <\/p>\n\n\n\n<p>Framg\u00e5ngen l\u00e4t inte v\u00e4nta p\u00e5 sig. \u00c4ven om han nu driver flera v\u00e4lk\u00e4nda webbplatser \u00e4r han s\u00e4rskilt intresserad av \u00e4mnet aligners p\u00e5 grund av sina egna erfarenheter.   <strong>Med About That Smile vill han ocks\u00e5 hj\u00e4lpa andra m\u00e4nniskor att f\u00f6rverkliga dr\u00f6mmen om vackra t\u00e4nder.  <\/strong><\/p>\n<\/div><\/div>\n\n<h3 class=\"wp-block-heading\"><a href=\"https:\/\/aboutthatsmile.com\/de\/author\/franzi\/\">Franzi (medgrundare)<\/a><\/h3>\n\n<div class=\"wp-block-media-text alignwide is-stacked-on-mobile is-vertically-aligned-top\" style=\"grid-template-columns:30% auto\"><figure class=\"wp-block-media-text__media\"><img decoding=\"async\" width=\"900\" height=\"1200\" src=\"https:\/\/aboutthatsmile.com\/wp-content\/uploads\/2023\/01\/IMG_9794.jpg\" alt=\"Franzi - Medgrundare About That Smile\" class=\"wp-image-790 size-full\" title=\"\" srcset=\"https:\/\/aboutthatsmile.com\/wp-content\/uploads\/2023\/01\/IMG_9794.jpg 900w, https:\/\/aboutthatsmile.com\/wp-content\/uploads\/2023\/01\/IMG_9794-225x300.jpg 225w, https:\/\/aboutthatsmile.com\/wp-content\/uploads\/2023\/01\/IMG_9794-768x1024.jpg 768w, https:\/\/aboutthatsmile.com\/wp-content\/uploads\/2023\/01\/IMG_9794-546x728.jpg 546w, https:\/\/aboutthatsmile.com\/wp-content\/uploads\/2023\/01\/IMG_9794-360x480.jpg 360w, https:\/\/aboutthatsmile.com\/wp-content\/uploads\/2023\/01\/IMG_9794-240x320.jpg 240w, https:\/\/aboutthatsmile.com\/wp-content\/uploads\/2023\/01\/IMG_9794-720x960.jpg 720w, https:\/\/aboutthatsmile.com\/wp-content\/uploads\/2023\/01\/IMG_9794-810x1080.jpg 810w\" sizes=\"(max-width: 900px) 100vw, 900px\" \/><\/figure><div class=\"wp-block-media-text__content\">\n<p>Efter att ha studerat tyska och sociologi b\u00f6rjade Franzi arbeta f\u00f6rst som fast anst\u00e4lld och senare som frilansande onlineredakt\u00f6r. Hon kom av en slump i kontakt med \u00e4mnet tandreglering n\u00e4r hon under en l\u00e4ngre tid arbetade f\u00f6r en kund inom dentalbranschen.   <\/p>\n\n\n\n<p>Under \u00e5rens lopp har hon skaffat sig djupg\u00e5ende kunskaper inom omr\u00e5dena tandkorrigering, tandv\u00e5rd, bettfel och sjukdomar samt tandv\u00e5rdsturism. Hon var s\u00e5 entusiastisk \u00f6ver osynliga tandst\u00e4llningar att hon till slut sj\u00e4lv b\u00f6rjade med alignerbehandling.   <\/p>\n\n\n\n<p>P\u00e5 About That Smile vill hon f\u00f6rmedla goda kunskaper till alla som \u00e4r intresserade av att r\u00e4ta ut sina t\u00e4nder med osynliga tandskenor.  <strong>Hon vill dela med sig av sina personliga erfarenheter och informera om f\u00f6rdelarna och nackdelarna med behandlingen.  <\/strong><\/p>\n<\/div><\/div>\n\n<p><\/p>\n","protected":false},"excerpt":{"rendered":"<p>About That Smile grundades 2023 i syfte att skapa en tillf\u00f6rlitlig informationsk\u00e4lla om osynliga tandst\u00e4llningar (aligners) i synnerhet och tandh\u00e4lsa i allm\u00e4nhet. H\u00e4r j\u00e4mf\u00f6r vi produkter fr\u00e5n leverant\u00f6rer som DrSmile, PlusDental, Invisalign, Smileunion eller Braceless. P\u00e5 About That Smile hittar du ocks\u00e5 tips, tricks och rekommendationer om en m\u00e4ngd olika \u00e4mnen som r\u00f6r osynliga tandst\u00e4llningar&#8230;.<\/p>\n","protected":false},"author":1,"featured_media":0,"parent":0,"menu_order":0,"comment_status":"closed","ping_status":"closed","template":"","meta":{"_kad_post_transparent":"","_kad_post_title":"","_kad_post_layout":"","_kad_post_sidebar_id":"","_kad_post_content_style":"","_kad_post_vertical_padding":"","_kad_post_feature":"","_kad_post_feature_position":"","_kad_post_header":false,"_kad_post_footer":false,"_kad_post_classname":"","footnotes":""},"class_list":["post-2698","page","type-page","status-publish","hentry"],"_links":{"self":[{"href":"https:\/\/aboutthatsmile.com\/sv\/wp-json\/wp\/v2\/pages\/2698","targetHints":{"allow":["GET"]}}],"collection":[{"href":"https:\/\/aboutthatsmile.com\/sv\/wp-json\/wp\/v2\/pages"}],"about":[{"href":"https:\/\/aboutthatsmile.com\/sv\/wp-json\/wp\/v2\/types\/page"}],"author":[{"embeddable":true,"href":"https:\/\/aboutthatsmile.com\/sv\/wp-json\/wp\/v2\/users\/1"}],"replies":[{"embeddable":true,"href":"https:\/\/aboutthatsmile.com\/sv\/wp-json\/wp\/v2\/comments?post=2698"}],"version-history":[{"count":5,"href":"https:\/\/aboutthatsmile.com\/sv\/wp-json\/wp\/v2\/pages\/2698\/revisions"}],"predecessor-version":[{"id":15733,"href":"https:\/\/aboutthatsmile.com\/sv\/wp-json\/wp\/v2\/pages\/2698\/revisions\/15733"}],"wp:attachment":[{"href":"https:\/\/aboutthatsmile.com\/sv\/wp-json\/wp\/v2\/media?parent=2698"}],"curies":[{"name":"wp","href":"https:\/\/api.w.org\/{rel}","templated":true}]}}